{"id":2,"date":"2016-05-10T03:48:21","date_gmt":"2016-05-10T03:48:21","guid":{"rendered":"http:\/\/wp452m.a10-52-158-154.qa.plesk.ru\/wordpress\/?page_id=2"},"modified":"2022-08-29T09:17:09","modified_gmt":"2022-08-29T09:17:09","slug":"sample-page","status":"publish","type":"page","link":"https:\/\/wtzpznslupsk.pl\/?page_id=2","title":{"rendered":"O nas"},"content":{"rendered":"<div class=\"wp-block-image\">\n<figure class=\"aligncenter size-large is-resized\"><img loading=\"lazy\" decoding=\"async\" src=\"http:\/\/wtzpznslupsk.pl\/wp-content\/uploads\/2022\/03\/Bal-Prasowy-2016-44-2-1024x606.jpg\" alt=\"\" class=\"wp-image-12602\" width=\"435\" height=\"257\" srcset=\"https:\/\/wtzpznslupsk.pl\/wp-content\/uploads\/2022\/03\/Bal-Prasowy-2016-44-2-1024x606.jpg 1024w, https:\/\/wtzpznslupsk.pl\/wp-content\/uploads\/2022\/03\/Bal-Prasowy-2016-44-2-300x178.jpg 300w, https:\/\/wtzpznslupsk.pl\/wp-content\/uploads\/2022\/03\/Bal-Prasowy-2016-44-2-768x455.jpg 768w, https:\/\/wtzpznslupsk.pl\/wp-content\/uploads\/2022\/03\/Bal-Prasowy-2016-44-2-1536x909.jpg 1536w, https:\/\/wtzpznslupsk.pl\/wp-content\/uploads\/2022\/03\/Bal-Prasowy-2016-44-2-2048x1212.jpg 2048w\" sizes=\"auto, (max-width: 435px) 100vw, 435px\" \/><\/figure>\n<\/div>\n\n<p><span style=\"color: #008000;\">Warsztat Terapii Zaj\u0119ciowej Polskiego Zwi\u0105zku Niewidomych w S\u0142upsku zosta\u0142 utworzony 20 pa\u017adziernika 1997 roku. Pocz\u0105tkowo przeznaczony by\u0142 dla 30 uczestnik\u00f3w. Kilkakrotnie rozszerza\u0142 swoj\u0105 dzia\u0142alno\u015b\u0107 poprzez zwi\u0119kszanie liczby uczestnik\u00f3w.<\/span><\/p>\n<p><span style=\"color: #008000;\">Od dnia 15 listopada 2004 roku w tutejszej plac\u00f3wce przebywa 50 uczestnik\u00f3w. W\u015br\u00f3d uczestnik\u00f3w s\u0105 nie tylko osoby niewidome i niedowidz\u0105ce, ale r\u00f3wnie\u017c z innymi dysfunkcjami.<\/span><\/p>\n<p><span style=\"color: #008000;\">Warsztat Terapii Zaj\u0119ciowej znajduje si\u0119 na terenie Sp\u00f3\u0142dzielni Niewidomych im. M. Wagnera w S\u0142upsku. Jednostka zajmuje dwa pi\u0119tra budynku, kt\u00f3ry specjalnie by\u0142 adoptowany dla WTZ-tu. Zniesione s\u0105 tutaj wszystkie bariery architektoniczne. Komunikacj\u0119 pionow\u0105 wspomaga winda z wbudowanym syntezatorem mowy, natomiast poziome ci\u0105gi komunikacyjne s\u0105 zaopatrzone w specjalne barierki.<\/span><\/p>\n<p><span style=\"color: #008000;\">WTZ PZN S\u0142upsk realizuje swoje zadania zgodnie z Rozporz\u0105dzeniem Ministra Gospodarki, Pracy i Polityki Spo\u0142ecznej \u00a0z dnia 25 marca 2004 roku, \u201cw sprawie warsztat\u00f3w terapii zaj\u0119ciowej\u201d \u00a0(Dz.Ustaw 63 poz. 587 z dnia 15 kwietnia 2004 roku). Uczestnicy WTZ bior\u0105 udzia\u0142 w dziewi\u0119ciu pracowniach. Pracownie: plastyczna, r\u0119kodzielnicza, florystyczna, porz\u0105dkowo-remontowa, w\u0142\u00f3kienniczo &#8211; dziewiarska, techniczna, poligraficzna, gospodarstwa domowego,\u00a0 teatralno-modelatorska oraz sala rehabilitacji;\u00a0 codziennie oferuj\u0105 szeroki wachlarz zaj\u0119\u0107 i r\u00f3\u017cnorakich form rehabilitacji za pomoc\u0105 arteterapii, ludoterapii,\u00a0 muzykoterapii, kinezyterapii oraz silwoterapii.<\/span><\/p>\n<p><span style=\"color: #008000;\">Na koniec 2021 roku w plac\u00f3wce przebywa\u0142y 23 kobiety, 27 m\u0119\u017cczyzn. Przeci\u0119tna wieku to ok. 39 lat. Uczestnicy WTZ to mieszka\u0144cy S\u0142upska i okolic; \u00a0&#8211; powiat grodzki 29 os\u00f3b, &#8211; powiat ziemski &#8211; 20 os\u00f3b (z Ustki, D\u0119bnicy Kaszubskiej,\u00a0 Siemianic,\u00a0 Krzywania); &#8211; jedna osoba\u00a0 spoza powiatu (pow. bytowski). Potrzeby uczestnik\u00f3w w zakresie codziennego dowozu os\u00f3b z dysfunkcjami wzroku, narz\u0105du ruchu oraz z zaburzon\u0105 orientacj\u0105 przestrzenn\u0105 zabezpiecza warsztatowy mikrobus.<\/span><\/p>\n<p><span style=\"color: #ff6600;\"><strong><a style=\"color: #ff6600;\" href=\"https:\/\/goo.gl\/photos\/DwJe5HEKQSXtkYKd6\">Zobacz film O NAS<\/a><\/strong><\/span><\/p>\n\n\n<p><\/p>\n","protected":false},"excerpt":{"rendered":"<p>Warsztat Terapii Zaj\u0119ciowej Polskiego Zwi\u0105zku Niewidomych w S\u0142upsku zosta\u0142 utworzony 20 pa\u017adziernika 1997 roku. Pocz\u0105tkowo przeznaczony by\u0142 dla 30 uczestnik\u00f3w. Kilkakrotnie rozszerza\u0142 swoj\u0105 dzia\u0142alno\u015b\u0107 poprzez zwi\u0119kszanie liczby uczestnik\u00f3w. Od dnia 15 listopada 2004 roku&#46;&#46;&#46;<\/p>\n","protected":false},"author":1,"featured_media":0,"parent":0,"menu_order":1,"comment_status":"closed","ping_status":"closed","template":"","meta":{"footnotes":""},"class_list":["post-2","page","type-page","status-publish","hentry"],"_links":{"self":[{"href":"https:\/\/wtzpznslupsk.pl\/index.php?rest_route=\/wp\/v2\/pages\/2","targetHints":{"allow":["GET"]}}],"collection":[{"href":"https:\/\/wtzpznslupsk.pl\/index.php?rest_route=\/wp\/v2\/pages"}],"about":[{"href":"https:\/\/wtzpznslupsk.pl\/index.php?rest_route=\/wp\/v2\/types\/page"}],"author":[{"embeddable":true,"href":"https:\/\/wtzpznslupsk.pl\/index.php?rest_route=\/wp\/v2\/users\/1"}],"replies":[{"embeddable":true,"href":"https:\/\/wtzpznslupsk.pl\/index.php?rest_route=%2Fwp%2Fv2%2Fcomments&post=2"}],"version-history":[{"count":12,"href":"https:\/\/wtzpznslupsk.pl\/index.php?rest_route=\/wp\/v2\/pages\/2\/revisions"}],"predecessor-version":[{"id":13249,"href":"https:\/\/wtzpznslupsk.pl\/index.php?rest_route=\/wp\/v2\/pages\/2\/revisions\/13249"}],"wp:attachment":[{"href":"https:\/\/wtzpznslupsk.pl\/index.php?rest_route=%2Fwp%2Fv2%2Fmedia&parent=2"}],"curies":[{"name":"wp","href":"https:\/\/api.w.org\/{rel}","templated":true}]}}