{"id":28,"date":"2017-04-20T17:46:47","date_gmt":"2017-04-20T17:46:47","guid":{"rendered":"http:\/\/wtzpznslupsk.pl\/?page_id=28"},"modified":"2025-03-11T12:44:49","modified_gmt":"2025-03-11T12:44:49","slug":"kontakt","status":"publish","type":"page","link":"https:\/\/wtzpznslupsk.pl\/?page_id=28","title":{"rendered":"Kontakt"},"content":{"rendered":"<h2 style=\"text-align: center;\"><strong><span style=\"color: #333399;\">Warsztat Terapii Zaj\u0119ciowej<\/span><\/strong><br \/>\n<span style=\"color: #333399;\"> Polskiego Zwi\u0105zku Niewidomych<\/span><br \/>\n<span style=\"color: #333399;\"> ul. Szczeci\u0144ska 59A<\/span><br \/>\n<span style=\"color: #333399;\"> 76-200 S\u0142upsk<\/span><br \/>\n<span style=\"color: #ff6600;\"><span style=\"color: #333399;\">NIP:\u00a0<\/span><span style=\"color: #333399;\">526-0001909<\/span><strong><br \/>\n<\/strong><\/span><span style=\"color: #003366;\"><strong>____________________________<\/strong><\/span><\/h2>\n<p style=\"text-align: left; padding-left: 60px;\"><span style=\"color: #333399;\"><strong>Dyrektor\u00a0 Agnieszka Orzech<\/strong><\/span><br \/>\n<strong>Telefon: +48 603 086 506<\/strong><\/p>\n<p style=\"text-align: left; padding-left: 60px;\"><strong>E-mail:\u00a0 \u00a0 dyrektor@wtzslupsk.pzn.org.pl<\/strong><\/p>\n<hr \/>\n<p style=\"padding-left: 60px;\"><span style=\"color: #333399;\"><strong>Ksi\u0119gowo\u015b\u0107:<\/strong><\/span><br \/>\n<strong>E-mail:\u00a0 \u00a0 \u00a0ksiegowa@wtzslupsk.pzn.org.pl<\/strong><\/p>\n<hr \/>\n<p><strong>Struktura:<\/strong><\/p>\n<p>Pracownia florystyczna<\/p>\n<p>Pracownia w\u0142\u00f3kienniczo-dziewiarska<\/p>\n<p>Pracownia dekoratorsko-modelatorska<\/p>\n<p>Pracownia\u00a0 ma\u0142ej poligrafii<\/p>\n<p>Pracownia techniczna<\/p>\n<p>Pracownia gospodarstwa domowego<\/p>\n<p>Pracownia plastyczna<\/p>\n<p>Pracownia r\u0119kodzielnicza<\/p>\n<p>Pracownia\u00a0 porz\u0105dkowo-remontowa<\/p>\n<p>Psycholog \/ Tyflopedagog<\/p>\n<p>Sala\u00a0 rehabilitacyjna<\/p>\n","protected":false},"excerpt":{"rendered":"<p>Warsztat Terapii Zaj\u0119ciowej Polskiego Zwi\u0105zku Niewidomych ul. Szczeci\u0144ska 59A 76-200 S\u0142upsk NIP:\u00a0526-0001909 ____________________________ Dyrektor\u00a0 Agnieszka Orzech Telefon: +48 603 086 506 E-mail:\u00a0 \u00a0 dyrektor@wtzslupsk.pzn.org.pl Ksi\u0119gowo\u015b\u0107: E-mail:\u00a0 \u00a0 \u00a0ksiegowa@wtzslupsk.pzn.org.pl Struktura: Pracownia florystyczna Pracownia w\u0142\u00f3kienniczo-dziewiarska Pracownia&#46;&#46;&#46;<\/p>\n","protected":false},"author":1,"featured_media":0,"parent":0,"menu_order":8,"comment_status":"closed","ping_status":"closed","template":"","meta":{"footnotes":""},"class_list":["post-28","page","type-page","status-publish","hentry"],"_links":{"self":[{"href":"https:\/\/wtzpznslupsk.pl\/index.php?rest_route=\/wp\/v2\/pages\/28","targetHints":{"allow":["GET"]}}],"collection":[{"href":"https:\/\/wtzpznslupsk.pl\/index.php?rest_route=\/wp\/v2\/pages"}],"about":[{"href":"https:\/\/wtzpznslupsk.pl\/index.php?rest_route=\/wp\/v2\/types\/page"}],"author":[{"embeddable":true,"href":"https:\/\/wtzpznslupsk.pl\/index.php?rest_route=\/wp\/v2\/users\/1"}],"replies":[{"embeddable":true,"href":"https:\/\/wtzpznslupsk.pl\/index.php?rest_route=%2Fwp%2Fv2%2Fcomments&post=28"}],"version-history":[{"count":26,"href":"https:\/\/wtzpznslupsk.pl\/index.php?rest_route=\/wp\/v2\/pages\/28\/revisions"}],"predecessor-version":[{"id":16532,"href":"https:\/\/wtzpznslupsk.pl\/index.php?rest_route=\/wp\/v2\/pages\/28\/revisions\/16532"}],"wp:attachment":[{"href":"https:\/\/wtzpznslupsk.pl\/index.php?rest_route=%2Fwp%2Fv2%2Fmedia&parent=28"}],"curies":[{"name":"wp","href":"https:\/\/api.w.org\/{rel}","templated":true}]}}