{"id":574,"date":"2017-06-05T08:17:13","date_gmt":"2017-06-05T08:17:13","guid":{"rendered":"http:\/\/wtzpznslupsk.pl\/?page_id=574"},"modified":"2019-01-14T21:06:48","modified_gmt":"2019-01-14T21:06:48","slug":"kalendarium-2017","status":"publish","type":"page","link":"https:\/\/wtzpznslupsk.pl\/?page_id=574","title":{"rendered":"Kalendarium 2017"},"content":{"rendered":"<ul>\n<li>25 grudnia 2017 r &#8211; 2 stycze\u0144 2017 r Przerwa \u015awi\u0105teczna<\/li>\n<li>21 grudnia 2017 r Kiermasz \u015bwi\u0105teczny w SP6<\/li>\n<li>20 grudnia 2017 r \u00a0Spotkanie op\u0142atkowe w WTZ<\/li>\n<li>15 grudnia 2017 r Kiermasz \u015bwi\u0105teczny w Starostwie<\/li>\n<li>15 grudnia \u00a02017r planowany termin finalizuj\u0105cy zakup samochodu<\/li>\n<li>13 grudnia \u00a02017 r Spotkanie z rodzicami (godz. 15:30)<\/li>\n<li>23 listopada \u00a02017r Jubileuszowy Bal Andrzejkowy w Feliksie<\/li>\n<li>16 listopada 2017 r Uroczysto\u015b\u0107 XX &#8211; lecia WTZ PZN S\u0142upsk Ratusz<\/li>\n<li>24 wrze\u015bnia 2017 r Przegl\u0105d tw\u00f3rczo\u015bci Os\u00f3b Niepe\u0142nosprawnych w S\u0142upsku<\/li>\n<li>15 wrze\u015bnia 2017 r Przegl\u0105d Pie\u015bni Religijnej w Kwidzynie<\/li>\n<li>4-8 wrze\u015bnia 2017 r wycieczka do Jastrz\u0119biej G\u00f3ry<\/li>\n<li>25 sierpnia 2017r II Spartakiada Sportowa w Ustce<\/li>\n<li><a href=\"http:\/\/wtzpznslupsk.pl\/?p=1433\">20 czerwca 2017 r Pielgrzymka Os\u00f3b Niepe\u0142nosprawnych do Skrzatusza<\/a><\/li>\n<li>13 czerwca 2017 r Spotkanie z Rodzicami i Opiekunami naszych Uczestnik\u00f3w.<\/li>\n<li><a href=\"http:\/\/wtzpznslupsk.pl\/?page_id=1240\">12 czerwca 2017 r grill w <em>Le\u015bnym Kocie<\/em><\/a><\/li>\n<li>7 czerwca 2017 r Olimpiada WTZ wojew\u00f3dztwa pomorskiego w Miechucinie<\/li>\n<\/ul>\n","protected":false},"excerpt":{"rendered":"<p>25 grudnia 2017 r &#8211; 2 stycze\u0144 2017 r Przerwa \u015awi\u0105teczna 21 grudnia 2017 r Kiermasz \u015bwi\u0105teczny w SP6 20 grudnia 2017 r \u00a0Spotkanie op\u0142atkowe w WTZ 15 grudnia 2017 r Kiermasz \u015bwi\u0105teczny w&#46;&#46;&#46;<\/p>\n","protected":false},"author":2,"featured_media":0,"parent":101,"menu_order":6,"comment_status":"closed","ping_status":"closed","template":"","meta":{"footnotes":""},"class_list":["post-574","page","type-page","status-publish","hentry"],"_links":{"self":[{"href":"https:\/\/wtzpznslupsk.pl\/index.php?rest_route=\/wp\/v2\/pages\/574","targetHints":{"allow":["GET"]}}],"collection":[{"href":"https:\/\/wtzpznslupsk.pl\/index.php?rest_route=\/wp\/v2\/pages"}],"about":[{"href":"https:\/\/wtzpznslupsk.pl\/index.php?rest_route=\/wp\/v2\/types\/page"}],"author":[{"embeddable":true,"href":"https:\/\/wtzpznslupsk.pl\/index.php?rest_route=\/wp\/v2\/users\/2"}],"replies":[{"embeddable":true,"href":"https:\/\/wtzpznslupsk.pl\/index.php?rest_route=%2Fwp%2Fv2%2Fcomments&post=574"}],"version-history":[{"count":10,"href":"https:\/\/wtzpznslupsk.pl\/index.php?rest_route=\/wp\/v2\/pages\/574\/revisions"}],"predecessor-version":[{"id":7892,"href":"https:\/\/wtzpznslupsk.pl\/index.php?rest_route=\/wp\/v2\/pages\/574\/revisions\/7892"}],"up":[{"embeddable":true,"href":"https:\/\/wtzpznslupsk.pl\/index.php?rest_route=\/wp\/v2\/pages\/101"}],"wp:attachment":[{"href":"https:\/\/wtzpznslupsk.pl\/index.php?rest_route=%2Fwp%2Fv2%2Fmedia&parent=574"}],"curies":[{"name":"wp","href":"https:\/\/api.w.org\/{rel}","templated":true}]}}